{"id":9083,"date":"2022-03-09T09:50:48","date_gmt":"2022-03-09T09:50:48","guid":{"rendered":"https:\/\/tweedehandsebruidjie.co.za\/?page_id=9083"},"modified":"2024-08-11T08:59:23","modified_gmt":"2024-08-11T08:59:23","slug":"eksklusief-reels-voorwaardes","status":"publish","type":"page","link":"https:\/\/tweedehandsebruidjie.co.za\/en\/eksklusief-reels-voorwaardes\/","title":{"rendered":"Eksklusief Re\u00ebls &#038; Voorwaardes"},"content":{"rendered":"<div data-elementor-type=\"wp-page\" data-elementor-id=\"9083\" class=\"elementor elementor-9083\" data-elementor-post-type=\"page\">\n\t\t\t\t\t\t<section class=\"elementor-section elementor-top-section elementor-element elementor-element-3ac7bcb elementor-section-full_width elementor-section-stretched elementor-section-height-default elementor-section-height-default\" data-id=\"3ac7bcb\" data-element_type=\"section\" data-e-type=\"section\" data-settings=\"{&quot;stretch_section&quot;:&quot;section-stretched&quot;}\">\n\t\t\t\t\t\t<div class=\"elementor-container elementor-column-gap-default\">\n\t\t\t\t\t<div class=\"elementor-column elementor-col-100 elementor-top-column elementor-element elementor-element-d132b42\" data-id=\"d132b42\" data-element_type=\"column\" data-e-type=\"column\">\n\t\t\t<div class=\"elementor-widget-wrap elementor-element-populated\">\n\t\t\t\t\t\t<div class=\"elementor-element elementor-element-70dcbb3 elementor-widget__width-inherit elementor-widget elementor-widget-heading\" data-id=\"70dcbb3\" data-element_type=\"widget\" data-e-type=\"widget\" data-settings=\"{&quot;_animation&quot;:&quot;none&quot;}\" data-widget_type=\"heading.default\">\n\t\t\t\t<div class=\"elementor-widget-container\">\n\t\t\t\t\t<p class=\"elementor-heading-title elementor-size-medium\">EKSKLUSIEF: Re\u00ebls &amp; voorwaardes<\/p>\t\t\t\t<\/div>\n\t\t\t\t<\/div>\n\t\t\t\t\t<\/div>\n\t\t<\/div>\n\t\t\t\t\t<\/div>\n\t\t<\/section>\n\t\t\t\t<section class=\"elementor-section elementor-top-section elementor-element elementor-element-75c8231 elementor-section-full_width elementor-section-stretched elementor-section-height-default elementor-section-height-default\" data-id=\"75c8231\" data-element_type=\"section\" data-e-type=\"section\" data-settings=\"{&quot;stretch_section&quot;:&quot;section-stretched&quot;}\">\n\t\t\t\t\t\t<div class=\"elementor-container elementor-column-gap-default\">\n\t\t\t\t\t<div class=\"elementor-column elementor-col-100 elementor-top-column elementor-element elementor-element-9d99bcc\" data-id=\"9d99bcc\" data-element_type=\"column\" data-e-type=\"column\">\n\t\t\t<div class=\"elementor-widget-wrap elementor-element-populated\">\n\t\t\t\t\t\t<div class=\"elementor-element elementor-element-ced42c4 elementor-widget elementor-widget-text-editor\" data-id=\"ced42c4\" data-element_type=\"widget\" data-e-type=\"widget\" data-widget_type=\"text-editor.default\">\n\t\t\t\t<div class=\"elementor-widget-container\">\n\t\t\t\t\t\t\t\t\t<p>With the use of Tweedehandse Bruidjie's EXCLUSIVE package, the following rules and conditions apply:<\/p>\t\t\t\t\t\t\t\t<\/div>\n\t\t\t\t<\/div>\n\t\t\t\t<div class=\"elementor-element elementor-element-77c8f44 elementor-widget elementor-widget-text-editor\" data-id=\"77c8f44\" data-element_type=\"widget\" data-e-type=\"widget\" data-widget_type=\"text-editor.default\">\n\t\t\t\t<div class=\"elementor-widget-container\">\n\t\t\t\t\t\t\t\t\t<h5 style=\"padding-left: 40px;\"><span style=\"text-decoration: underline;\"><strong>Konsiderasie proses:<\/strong><\/span><\/h5><ul><li>Al voldoen jou rok aan die nodige vereistes, is dit nie &#8216;n gegewe dat die rok suksesvol geag sal word nie. Met &#8216;n noukeurige siftingsproses word elke rok geanaliseer volgens ons eie mark en statistiek van trourok-verkope. <strong>Die inneem van enige rok is dus kompleet op die diskresie van Tweedehandse Bruidjie.<\/strong> Tweedehandse Bruidjie kan onder geen omstandighede verantwoordelik gehou word as ons jou rok se aansoek afkeer weens lengte, ouderdom, grootte, prys, styl, ens.<\/li><li>Die verkoper sal binne 7 dae in kennis gestel word van die uitkoms van die trourok se aansoek.<\/li><\/ul><h5>\u00a0<\/h5><h5 style=\"padding-left: 40px;\"><span style=\"text-decoration: underline;\"><strong>As ons ooreenkom om jou rok in te neem:<\/strong><\/span><\/h5><ul><li>Die verkoper stem in dat 25% kommissie <strong>afgetrek<\/strong> sal word van die finale verkoopsprys van die trourok, en nie by die prys gevoeg word nie.<\/li><li>Although the seller gives us guidance on the expected minimum selling price of the dress, the final amount depends on Tweedehandse Bruidjie's own discretion once the price is negotiated.<\/li><li><span style=\"color: #808080;\">Once the dress has sold successfully, the remaining amount after our 25% commission has been deducted will be paid over to the seller within seven (7) business days.<\/span><\/li><li><span style=\"color: #808080;\">Hierdie eksklusiewe ooreenkoms is slegs geldig vir &#8216;n tydperk van agt (8) maande. Meeste<\/span> van ons rokke kry wel huise; maar as die rok nie verkoop word binne hierdie tydperk nie, sal ons op ooreenkoms re\u00ebl om die rok terug te stuur na die verkoper toe. Die kontrak kan ook verleng word na 8 maande op Tweedehandse Bruidjie se diskresie. Alle courier kostes is vir die verkoper se eie rekening.<\/li><li>As die kontrak na 8 maande verstryk en dit word nie verleng nie, het die verkoper tien (10) werksdae om die rok af te haal voor daar stoorkostes bygehef sal word.<\/li><li>Tweedehandse Bruidjie unfortunately can not take out insurance on stock we do not own. Although Tweedehandse Bruidjie is reliable and always careful, we can not be held liable for fires, floods, theft, damage or wear and tear. The seller understands that customers handle and try on wedding dresses in our boutique, and therefore reasonable wear and tear can be expected. We still promise to handle every dress with extreme care.<\/li><li>Alle trourokke in ons boutique moet ook aanlyn op ons webtuiste gelys word, so die eenmalige bedrag bly geldig in alle gevalle soos gestipuleer.<\/li><li>If the contract is breached before the period expires, Tweedehandse Bruidjie must be notified in writing 30 days before the dress is to be picked up. An admin fee of R200 will apply in the event of a breach of contract.<\/li><li>ALL courier costs are for the seller&#039;s own account.<\/li><\/ul>\t\t\t\t\t\t\t\t<\/div>\n\t\t\t\t<\/div>\n\t\t\t\t\t<\/div>\n\t\t<\/div>\n\t\t\t\t\t<\/div>\n\t\t<\/section>\n\t\t\t\t<\/div>","protected":false},"excerpt":{"rendered":"<p>EKSKLUSIEF: Re\u00ebls &#038; voorwaardes Met die gebruik van Tweedehandse Bruidjie se EKSKLUSIEF pakket, geld die volgende re\u00ebls en voorwaardes: Konsiderasie proses: Al voldoen jou rok aan die nodige vereistes, is dit nie &#8216;n gegewe dat die rok suksesvol geag sal word nie. Met &#8216;n noukeurige siftingsproses word elke rok geanaliseer volgens ons eie mark en [&hellip;]<\/p>\n","protected":false},"author":1,"featured_media":0,"parent":0,"menu_order":0,"comment_status":"closed","ping_status":"closed","template":"","meta":{"site-sidebar-layout":"no-sidebar","site-content-layout":"page-builder","ast-site-content-layout":"","site-content-style":"default","site-sidebar-style":"default","ast-global-header-display":"","ast-banner-title-visibility":"","ast-main-header-display":"","ast-hfb-above-header-display":"","ast-hfb-below-header-display":"","ast-hfb-mobile-header-display":"","site-post-title":"disabled","ast-breadcrumbs-content":"","ast-featured-img":"disabled","footer-sml-layout":"","theme-transparent-header-meta":"default","adv-header-id-meta":"","stick-header-meta":"","header-above-stick-meta":"","header-main-stick-meta":"","header-below-stick-meta":"","astra-migrate-meta-layouts":"default","ast-page-background-enabled":"default","ast-page-background-meta":{"desktop":{"background-color":"var(--ast-global-color-4)","background-image":"","background-repeat":"repeat","background-position":"center center","background-size":"auto","background-attachment":"scroll","background-type":"","background-media":"","overlay-type":"","overlay-color":"","overlay-gradient":""},"tablet":{"background-color":"","background-image":"","background-repeat":"repeat","background-position":"center center","background-size":"auto","background-attachment":"scroll","background-type":"","background-media":"","overlay-type":"","overlay-color":"","overlay-gradient":""},"mobile":{"background-color":"","background-image":"","background-repeat":"repeat","background-position":"center center","background-size":"auto","background-attachment":"scroll","background-type":"","background-media":"","overlay-type":"","overlay-color":"","overlay-gradient":""}},"ast-content-background-meta":{"desktop":{"background-color":"var(--ast-global-color-5)","background-image":"","background-repeat":"repeat","background-position":"center center","background-size":"auto","background-attachment":"scroll","background-type":"","background-media":"","overlay-type":"","overlay-color":"","overlay-gradient":""},"tablet":{"background-color":"var(--ast-global-color-5)","background-image":"","background-repeat":"repeat","background-position":"center center","background-size":"auto","background-attachment":"scroll","background-type":"","background-media":"","overlay-type":"","overlay-color":"","overlay-gradient":""},"mobile":{"background-color":"var(--ast-global-color-5)","background-image":"","background-repeat":"repeat","background-position":"center center","background-size":"auto","background-attachment":"scroll","background-type":"","background-media":"","overlay-type":"","overlay-color":"","overlay-gradient":""}},"footnotes":""},"class_list":["post-9083","page","type-page","status-publish","hentry"],"yoast_head":"<!-- This site is optimized with the Yoast SEO plugin v27.6 - https:\/\/yoast.com\/product\/yoast-seo-wordpress\/ -->\n<title>Eksklusief Re\u00ebls &amp; Voorwaardes - Tweedehandse Bruidjie<\/title>\n<meta name=\"robots\" content=\"index, follow, max-snippet:-1, max-image-preview:large, max-video-preview:-1\" \/>\n<link rel=\"canonical\" href=\"https:\/\/tweedehandsebruidjie.co.za\/en\/eksklusief-reels-voorwaardes\/\" \/>\n<meta property=\"og:locale\" content=\"en_US\" \/>\n<meta property=\"og:type\" content=\"article\" \/>\n<meta property=\"og:title\" content=\"Eksklusief Re\u00ebls &amp; Voorwaardes - Tweedehandse Bruidjie\" \/>\n<meta property=\"og:description\" content=\"EKSKLUSIEF: Re\u00ebls &#038; voorwaardes Met die gebruik van Tweedehandse Bruidjie se EKSKLUSIEF pakket, geld die volgende re\u00ebls en voorwaardes: Konsiderasie proses: Al voldoen jou rok aan die nodige vereistes, is dit nie &#8216;n gegewe dat die rok suksesvol geag sal word nie. Met &#8216;n noukeurige siftingsproses word elke rok geanaliseer volgens ons eie mark en [&hellip;]\" \/>\n<meta property=\"og:url\" content=\"https:\/\/tweedehandsebruidjie.co.za\/en\/eksklusief-reels-voorwaardes\/\" \/>\n<meta property=\"og:site_name\" content=\"Tweedehandse Bruidjie\" \/>\n<meta property=\"article:modified_time\" content=\"2024-08-11T08:59:23+00:00\" \/>\n<meta name=\"twitter:card\" content=\"summary_large_image\" \/>\n<meta name=\"twitter:label1\" content=\"Est. reading time\" \/>\n\t<meta name=\"twitter:data1\" content=\"2 minutes\" \/>\n<script type=\"application\/ld+json\" class=\"yoast-schema-graph\">{\"@context\":\"https:\\\/\\\/schema.org\",\"@graph\":[{\"@type\":\"WebPage\",\"@id\":\"https:\\\/\\\/tweedehandsebruidjie.co.za\\\/eksklusief-reels-voorwaardes\\\/\",\"url\":\"https:\\\/\\\/tweedehandsebruidjie.co.za\\\/eksklusief-reels-voorwaardes\\\/\",\"name\":\"Eksklusief Re\u00ebls & Voorwaardes - Tweedehandse Bruidjie\",\"isPartOf\":{\"@id\":\"https:\\\/\\\/tweedehandsebruidjie.co.za\\\/#website\"},\"datePublished\":\"2022-03-09T09:50:48+00:00\",\"dateModified\":\"2024-08-11T08:59:23+00:00\",\"breadcrumb\":{\"@id\":\"https:\\\/\\\/tweedehandsebruidjie.co.za\\\/eksklusief-reels-voorwaardes\\\/#breadcrumb\"},\"inLanguage\":\"en-ZA\",\"potentialAction\":[{\"@type\":\"ReadAction\",\"target\":[\"https:\\\/\\\/tweedehandsebruidjie.co.za\\\/eksklusief-reels-voorwaardes\\\/\"]}]},{\"@type\":\"BreadcrumbList\",\"@id\":\"https:\\\/\\\/tweedehandsebruidjie.co.za\\\/eksklusief-reels-voorwaardes\\\/#breadcrumb\",\"itemListElement\":[{\"@type\":\"ListItem\",\"position\":1,\"name\":\"Home\",\"item\":\"https:\\\/\\\/tweedehandsebruidjie.co.za\\\/\"},{\"@type\":\"ListItem\",\"position\":2,\"name\":\"Eksklusief Re\u00ebls &#038; Voorwaardes\"}]},{\"@type\":\"WebSite\",\"@id\":\"https:\\\/\\\/tweedehandsebruidjie.co.za\\\/#website\",\"url\":\"https:\\\/\\\/tweedehandsebruidjie.co.za\\\/\",\"name\":\"Tweedehandse Bruidjie\",\"description\":\"\",\"publisher\":{\"@id\":\"https:\\\/\\\/tweedehandsebruidjie.co.za\\\/#organization\"},\"potentialAction\":[{\"@type\":\"SearchAction\",\"target\":{\"@type\":\"EntryPoint\",\"urlTemplate\":\"https:\\\/\\\/tweedehandsebruidjie.co.za\\\/?s={search_term_string}\"},\"query-input\":{\"@type\":\"PropertyValueSpecification\",\"valueRequired\":true,\"valueName\":\"search_term_string\"}}],\"inLanguage\":\"en-ZA\"},{\"@type\":\"Organization\",\"@id\":\"https:\\\/\\\/tweedehandsebruidjie.co.za\\\/#organization\",\"name\":\"Tweedehandse Bruidjie\",\"url\":\"https:\\\/\\\/tweedehandsebruidjie.co.za\\\/\",\"logo\":{\"@type\":\"ImageObject\",\"inLanguage\":\"en-ZA\",\"@id\":\"https:\\\/\\\/tweedehandsebruidjie.co.za\\\/#\\\/schema\\\/logo\\\/image\\\/\",\"url\":\"https:\\\/\\\/tweedehandsebruidjie.co.za\\\/wp-content\\\/uploads\\\/2021\\\/04\\\/cropped-1616937533427.jpg\",\"contentUrl\":\"https:\\\/\\\/tweedehandsebruidjie.co.za\\\/wp-content\\\/uploads\\\/2021\\\/04\\\/cropped-1616937533427.jpg\",\"width\":2160,\"height\":1269,\"caption\":\"Tweedehandse Bruidjie\"},\"image\":{\"@id\":\"https:\\\/\\\/tweedehandsebruidjie.co.za\\\/#\\\/schema\\\/logo\\\/image\\\/\"}}]}<\/script>\n<!-- \/ Yoast SEO plugin. -->","yoast_head_json":{"title":"Eksklusief Re\u00ebls & Voorwaardes - Tweedehandse Bruidjie","robots":{"index":"index","follow":"follow","max-snippet":"max-snippet:-1","max-image-preview":"max-image-preview:large","max-video-preview":"max-video-preview:-1"},"canonical":"https:\/\/tweedehandsebruidjie.co.za\/en\/eksklusief-reels-voorwaardes\/","og_locale":"en_US","og_type":"article","og_title":"Eksklusief Re\u00ebls & Voorwaardes - Tweedehandse Bruidjie","og_description":"EKSKLUSIEF: Re\u00ebls &#038; voorwaardes Met die gebruik van Tweedehandse Bruidjie se EKSKLUSIEF pakket, geld die volgende re\u00ebls en voorwaardes: Konsiderasie proses: Al voldoen jou rok aan die nodige vereistes, is dit nie &#8216;n gegewe dat die rok suksesvol geag sal word nie. Met &#8216;n noukeurige siftingsproses word elke rok geanaliseer volgens ons eie mark en [&hellip;]","og_url":"https:\/\/tweedehandsebruidjie.co.za\/en\/eksklusief-reels-voorwaardes\/","og_site_name":"Tweedehandse Bruidjie","article_modified_time":"2024-08-11T08:59:23+00:00","twitter_card":"summary_large_image","twitter_misc":{"Est. reading time":"2 minutes"},"schema":{"@context":"https:\/\/schema.org","@graph":[{"@type":"WebPage","@id":"https:\/\/tweedehandsebruidjie.co.za\/eksklusief-reels-voorwaardes\/","url":"https:\/\/tweedehandsebruidjie.co.za\/eksklusief-reels-voorwaardes\/","name":"Eksklusief Re\u00ebls & Voorwaardes - Tweedehandse Bruidjie","isPartOf":{"@id":"https:\/\/tweedehandsebruidjie.co.za\/#website"},"datePublished":"2022-03-09T09:50:48+00:00","dateModified":"2024-08-11T08:59:23+00:00","breadcrumb":{"@id":"https:\/\/tweedehandsebruidjie.co.za\/eksklusief-reels-voorwaardes\/#breadcrumb"},"inLanguage":"en-ZA","potentialAction":[{"@type":"ReadAction","target":["https:\/\/tweedehandsebruidjie.co.za\/eksklusief-reels-voorwaardes\/"]}]},{"@type":"BreadcrumbList","@id":"https:\/\/tweedehandsebruidjie.co.za\/eksklusief-reels-voorwaardes\/#breadcrumb","itemListElement":[{"@type":"ListItem","position":1,"name":"Home","item":"https:\/\/tweedehandsebruidjie.co.za\/"},{"@type":"ListItem","position":2,"name":"Eksklusief Re\u00ebls &#038; Voorwaardes"}]},{"@type":"WebSite","@id":"https:\/\/tweedehandsebruidjie.co.za\/#website","url":"https:\/\/tweedehandsebruidjie.co.za\/","name":"Tweedehandse Bruidjie","description":"","publisher":{"@id":"https:\/\/tweedehandsebruidjie.co.za\/#organization"},"potentialAction":[{"@type":"SearchAction","target":{"@type":"EntryPoint","urlTemplate":"https:\/\/tweedehandsebruidjie.co.za\/?s={search_term_string}"},"query-input":{"@type":"PropertyValueSpecification","valueRequired":true,"valueName":"search_term_string"}}],"inLanguage":"en-ZA"},{"@type":"Organization","@id":"https:\/\/tweedehandsebruidjie.co.za\/#organization","name":"Tweedehandse Bruidjie","url":"https:\/\/tweedehandsebruidjie.co.za\/","logo":{"@type":"ImageObject","inLanguage":"en-ZA","@id":"https:\/\/tweedehandsebruidjie.co.za\/#\/schema\/logo\/image\/","url":"https:\/\/tweedehandsebruidjie.co.za\/wp-content\/uploads\/2021\/04\/cropped-1616937533427.jpg","contentUrl":"https:\/\/tweedehandsebruidjie.co.za\/wp-content\/uploads\/2021\/04\/cropped-1616937533427.jpg","width":2160,"height":1269,"caption":"Tweedehandse Bruidjie"},"image":{"@id":"https:\/\/tweedehandsebruidjie.co.za\/#\/schema\/logo\/image\/"}}]}},"post_mailing_queue_ids":[],"_links":{"self":[{"href":"https:\/\/tweedehandsebruidjie.co.za\/en\/wp-json\/wp\/v2\/pages\/9083","targetHints":{"allow":["GET"]}}],"collection":[{"href":"https:\/\/tweedehandsebruidjie.co.za\/en\/wp-json\/wp\/v2\/pages"}],"about":[{"href":"https:\/\/tweedehandsebruidjie.co.za\/en\/wp-json\/wp\/v2\/types\/page"}],"author":[{"embeddable":true,"href":"https:\/\/tweedehandsebruidjie.co.za\/en\/wp-json\/wp\/v2\/users\/1"}],"replies":[{"embeddable":true,"href":"https:\/\/tweedehandsebruidjie.co.za\/en\/wp-json\/wp\/v2\/comments?post=9083"}],"version-history":[{"count":61,"href":"https:\/\/tweedehandsebruidjie.co.za\/en\/wp-json\/wp\/v2\/pages\/9083\/revisions"}],"predecessor-version":[{"id":19228,"href":"https:\/\/tweedehandsebruidjie.co.za\/en\/wp-json\/wp\/v2\/pages\/9083\/revisions\/19228"}],"wp:attachment":[{"href":"https:\/\/tweedehandsebruidjie.co.za\/en\/wp-json\/wp\/v2\/media?parent=9083"}],"curies":[{"name":"wp","href":"https:\/\/api.w.org\/{rel}","templated":true}]}}